{"id":51003,"date":"2020-03-23T15:16:28","date_gmt":"2020-03-23T14:16:28","guid":{"rendered":"https:\/\/gerber-fleurs.ch\/?page_id=51003"},"modified":"2022-01-24T16:50:50","modified_gmt":"2022-01-24T15:50:50","slug":"kontakt-2","status":"publish","type":"page","link":"https:\/\/gerber-fleurs.ch\/de_ch\/kontakt-2\/","title":{"rendered":"Kontakt"},"content":{"rendered":"<p>[et_pb_section fb_built=\u00a0\u00bb1&Prime; fullwidth=\u00a0\u00bbon\u00a0\u00bb _builder_version=\u00a0\u00bb3.22&Prime; locked=\u00a0\u00bboff\u00a0\u00bb global_colors_info=\u00a0\u00bb{}\u00a0\u00bb][et_pb_fullwidth_code global_colors_info=\u00a0\u00bb{}\u00a0\u00bb]<iframe loading=\"lazy\" src=\"https:\/\/www.google.com\/maps\/embed?pb=!1m18!1m12!1m3!1d230014.27930379738!2d6.661445303152924!3d46.761386557074005!2m3!1f0!2f0!3f0!3m2!1i1024!2i768!4f13.1!3m3!1m2!1s0x478e777b18c9414b%3A0x4ab022d91e9adbbc!2sGerber+Fleurs+SA!5e0!3m2!1sde!2sch!4v1537944061705\" width=\"100%\" height=\"450\" frameborder=\"0\" style=\"border:0\" allowfullscreen><\/iframe>[\/et_pb_fullwidth_code][\/et_pb_section][et_pb_section fb_built=\u00a0\u00bb1&Prime; _builder_version=\u00a0\u00bb3.22&Prime; locked=\u00a0\u00bboff\u00a0\u00bb global_colors_info=\u00a0\u00bb{}\u00a0\u00bb][et_pb_row column_structure=\u00a0\u00bb2_3,1_3&Prime; _builder_version=\u00a0\u00bb3.25&Prime; background_size=\u00a0\u00bbinitial\u00a0\u00bb background_position=\u00a0\u00bbtop_left\u00a0\u00bb background_repeat=\u00a0\u00bbrepeat\u00a0\u00bb global_colors_info=\u00a0\u00bb{}\u00a0\u00bb][et_pb_column type=\u00a0\u00bb2_3&Prime; _builder_version=\u00a0\u00bb3.25&Prime; custom_padding=\u00a0\u00bb|||\u00a0\u00bb global_colors_info=\u00a0\u00bb{}\u00a0\u00bb custom_padding__hover=\u00a0\u00bb|||\u00a0\u00bb][et_pb_text _builder_version=\u00a0\u00bb3.27.4&Prime; global_colors_info=\u00a0\u00bb{}\u00a0\u00bb]<\/p>\n<p><span>Nous sommes une entreprise de production et nous ne vendons pas de plantes au d\u00e9tail. Nos plantes sont disponibles dans les jardineries et les magasins sp\u00e9cialis\u00e9s. En toutes saisons.<\/span><\/p>\n<p>[\/et_pb_text][et_pb_contact_form captcha=\u00a0\u00bboff\u00a0\u00bb email=\u00a0\u00bbinfo@gerber-fleurs.ch\u00a0\u00bb title=\u00a0\u00bbContactez-nous\u00a0\u00bb custom_message=\u00a0\u00bbName: %%Name%%||et_pb_line_break_holder||E-Mail: %%Email%%||et_pb_line_break_holder||Message: %%Message%%\u00a0\u00bb admin_label=\u00a0\u00bbContact Form\u00a0\u00bb module_id=\u00a0\u00bbet_pb_contact_form_0&Prime; _builder_version=\u00a0\u00bb4.14.2&Prime; _unique_id=\u00a0\u00bb03031ecc-850b-4a94-9030-075a1163fac9&Prime; hover_enabled=\u00a0\u00bb0&Prime; global_colors_info=\u00a0\u00bb{}\u00a0\u00bb success_message=\u00a0\u00bbMerci pour votre message\u00a0\u00bb sticky_enabled=\u00a0\u00bb0&Prime;][et_pb_contact_field field_id=\u00a0\u00bbNom\u00a0\u00bb field_title=\u00a0\u00bbNom\u00a0\u00bb _builder_version=\u00a0\u00bb4.14.2&Prime; hover_enabled=\u00a0\u00bb0&Prime; global_colors_info=\u00a0\u00bb{}\u00a0\u00bb button_text_size__hover_enabled=\u00a0\u00bboff\u00a0\u00bb button_one_text_size__hover_enabled=\u00a0\u00bboff\u00a0\u00bb button_two_text_size__hover_enabled=\u00a0\u00bboff\u00a0\u00bb button_text_color__hover_enabled=\u00a0\u00bboff\u00a0\u00bb button_one_text_color__hover_enabled=\u00a0\u00bboff\u00a0\u00bb button_two_text_color__hover_enabled=\u00a0\u00bboff\u00a0\u00bb button_border_width__hover_enabled=\u00a0\u00bboff\u00a0\u00bb button_one_border_width__hover_enabled=\u00a0\u00bboff\u00a0\u00bb button_two_border_width__hover_enabled=\u00a0\u00bboff\u00a0\u00bb button_border_color__hover_enabled=\u00a0\u00bboff\u00a0\u00bb button_one_border_color__hover_enabled=\u00a0\u00bboff\u00a0\u00bb button_two_border_color__hover_enabled=\u00a0\u00bboff\u00a0\u00bb button_border_radius__hover_enabled=\u00a0\u00bboff\u00a0\u00bb button_one_border_radius__hover_enabled=\u00a0\u00bboff\u00a0\u00bb button_two_border_radius__hover_enabled=\u00a0\u00bboff\u00a0\u00bb button_letter_spacing__hover_enabled=\u00a0\u00bboff\u00a0\u00bb button_one_letter_spacing__hover_enabled=\u00a0\u00bboff\u00a0\u00bb button_two_letter_spacing__hover_enabled=\u00a0\u00bboff\u00a0\u00bb button_bg_color__hover_enabled=\u00a0\u00bboff\u00a0\u00bb button_one_bg_color__hover_enabled=\u00a0\u00bboff\u00a0\u00bb button_two_bg_color__hover_enabled=\u00a0\u00bboff\u00a0\u00bb sticky_enabled=\u00a0\u00bb0&Prime;][\/et_pb_contact_field][et_pb_contact_field field_id=\u00a0\u00bbEmail\u00a0\u00bb field_title=\u00a0\u00bbE-Mail\u00a0\u00bb field_type=\u00a0\u00bbemail\u00a0\u00bb _builder_version=\u00a0\u00bb4.14.2&Prime; hover_enabled=\u00a0\u00bb0&Prime; global_colors_info=\u00a0\u00bb{}\u00a0\u00bb button_text_size__hover_enabled=\u00a0\u00bboff\u00a0\u00bb button_one_text_size__hover_enabled=\u00a0\u00bboff\u00a0\u00bb button_two_text_size__hover_enabled=\u00a0\u00bboff\u00a0\u00bb button_text_color__hover_enabled=\u00a0\u00bboff\u00a0\u00bb button_one_text_color__hover_enabled=\u00a0\u00bboff\u00a0\u00bb button_two_text_color__hover_enabled=\u00a0\u00bboff\u00a0\u00bb button_border_width__hover_enabled=\u00a0\u00bboff\u00a0\u00bb button_one_border_width__hover_enabled=\u00a0\u00bboff\u00a0\u00bb button_two_border_width__hover_enabled=\u00a0\u00bboff\u00a0\u00bb button_border_color__hover_enabled=\u00a0\u00bboff\u00a0\u00bb button_one_border_color__hover_enabled=\u00a0\u00bboff\u00a0\u00bb button_two_border_color__hover_enabled=\u00a0\u00bboff\u00a0\u00bb button_border_radius__hover_enabled=\u00a0\u00bboff\u00a0\u00bb button_one_border_radius__hover_enabled=\u00a0\u00bboff\u00a0\u00bb button_two_border_radius__hover_enabled=\u00a0\u00bboff\u00a0\u00bb button_letter_spacing__hover_enabled=\u00a0\u00bboff\u00a0\u00bb button_one_letter_spacing__hover_enabled=\u00a0\u00bboff\u00a0\u00bb button_two_letter_spacing__hover_enabled=\u00a0\u00bboff\u00a0\u00bb button_bg_color__hover_enabled=\u00a0\u00bboff\u00a0\u00bb button_one_bg_color__hover_enabled=\u00a0\u00bboff\u00a0\u00bb button_two_bg_color__hover_enabled=\u00a0\u00bboff\u00a0\u00bb sticky_enabled=\u00a0\u00bb0&Prime;][\/et_pb_contact_field][et_pb_contact_field field_id=\u00a0\u00bbMessage\u00a0\u00bb field_title=\u00a0\u00bbMessage\u00a0\u00bb field_type=\u00a0\u00bbtext\u00a0\u00bb fullwidth_field=\u00a0\u00bbon\u00a0\u00bb _builder_version=\u00a0\u00bb4.14.2&Prime; hover_enabled=\u00a0\u00bb0&Prime; global_colors_info=\u00a0\u00bb{}\u00a0\u00bb button_text_size__hover_enabled=\u00a0\u00bboff\u00a0\u00bb button_one_text_size__hover_enabled=\u00a0\u00bboff\u00a0\u00bb button_two_text_size__hover_enabled=\u00a0\u00bboff\u00a0\u00bb button_text_color__hover_enabled=\u00a0\u00bboff\u00a0\u00bb button_one_text_color__hover_enabled=\u00a0\u00bboff\u00a0\u00bb button_two_text_color__hover_enabled=\u00a0\u00bboff\u00a0\u00bb button_border_width__hover_enabled=\u00a0\u00bboff\u00a0\u00bb button_one_border_width__hover_enabled=\u00a0\u00bboff\u00a0\u00bb button_two_border_width__hover_enabled=\u00a0\u00bboff\u00a0\u00bb button_border_color__hover_enabled=\u00a0\u00bboff\u00a0\u00bb button_one_border_color__hover_enabled=\u00a0\u00bboff\u00a0\u00bb button_two_border_color__hover_enabled=\u00a0\u00bboff\u00a0\u00bb button_border_radius__hover_enabled=\u00a0\u00bboff\u00a0\u00bb button_one_border_radius__hover_enabled=\u00a0\u00bboff\u00a0\u00bb button_two_border_radius__hover_enabled=\u00a0\u00bboff\u00a0\u00bb button_letter_spacing__hover_enabled=\u00a0\u00bboff\u00a0\u00bb button_one_letter_spacing__hover_enabled=\u00a0\u00bboff\u00a0\u00bb button_two_letter_spacing__hover_enabled=\u00a0\u00bboff\u00a0\u00bb button_bg_color__hover_enabled=\u00a0\u00bboff\u00a0\u00bb button_one_bg_color__hover_enabled=\u00a0\u00bboff\u00a0\u00bb button_two_bg_color__hover_enabled=\u00a0\u00bboff\u00a0\u00bb sticky_enabled=\u00a0\u00bb0&Prime;][\/et_pb_contact_field][\/et_pb_contact_form][\/et_pb_column][et_pb_column type=\u00a0\u00bb1_3&Prime; _builder_version=\u00a0\u00bb3.25&Prime; custom_padding=\u00a0\u00bb|||\u00a0\u00bb global_colors_info=\u00a0\u00bb{}\u00a0\u00bb custom_padding__hover=\u00a0\u00bb|||\u00a0\u00bb][et_pb_text _builder_version=\u00a0\u00bb4.0.9&Prime; background_size=\u00a0\u00bbinitial\u00a0\u00bb background_position=\u00a0\u00bbtop_left\u00a0\u00bb background_repeat=\u00a0\u00bbrepeat\u00a0\u00bb global_colors_info=\u00a0\u00bb{}\u00a0\u00bb]<\/p>\n<h3>Unsere Adresse<\/h3>\n<p>Gerber Fleurs SA<br \/>Halte de Trey 5<br \/>CH-1552 Trey<br \/>T\u00e9l. +41 26 662 47 80<br \/>Fax +41 26 662 47 81<\/p>\n<p>&nbsp;<\/p>\n<div><strong>Unsere \u00d6ffnungszeiten\u00a0<\/strong><br \/>Du lundi au vendredi<br \/>de 7h30 \u00e0 12h00 et<br \/>de 13h00 \u00e0 17h00<\/div>\n<p>[\/et_pb_text][\/et_pb_column][\/et_pb_row][\/et_pb_section]<\/p>","protected":false},"excerpt":{"rendered":"<p>Nous sommes une entreprise de production et nous ne vendons pas de plantes au d\u00e9tail. Nos plantes sont disponibles dans les jardineries et les magasins sp\u00e9cialis\u00e9s. En toutes saisons.Notre adresse Gerber Fleurs SAHalte de Trey 5CH-1552 TreyT\u00e9l. +41 26 662 47 80Fax +41 26 662 47 81 &nbsp; Nos heures d&rsquo;ouverture\u00a0Du lundi au vendredide 7h30 [&hellip;]<\/p>","protected":false},"author":2,"featured_media":0,"parent":0,"menu_order":32,"comment_status":"closed","ping_status":"closed","template":"","meta":{"_acf_changed":false,"_et_pb_use_builder":"on","_et_pb_old_content":"","_et_gb_content_width":"","footnotes":""},"class_list":["post-51003","page","type-page","status-publish","hentry"],"acf":[],"yoast_head":"<!-- This site is optimized with the Yoast SEO plugin v26.6 - https:\/\/yoast.com\/wordpress\/plugins\/seo\/ -->\n<title>Kontakt &#8212; Gerber Fleurs<\/title>\n<meta name=\"robots\" content=\"index, follow, max-snippet:-1, max-image-preview:large, max-video-preview:-1\" \/>\n<link rel=\"canonical\" href=\"https:\/\/gerber-fleurs.ch\/de_ch\/kontakt-2\/\" \/>\n<meta property=\"og:locale\" content=\"de_DE\" \/>\n<meta property=\"og:type\" content=\"article\" \/>\n<meta property=\"og:title\" content=\"Kontakt &#8212; Gerber Fleurs\" \/>\n<meta property=\"og:description\" content=\"Nous sommes une entreprise de production et nous ne vendons pas de plantes au d\u00e9tail. Nos plantes sont disponibles dans les jardineries et les magasins sp\u00e9cialis\u00e9s. En toutes saisons.Notre adresse Gerber Fleurs SAHalte de Trey 5CH-1552 TreyT\u00e9l. +41 26 662 47 80Fax +41 26 662 47 81 &nbsp; Nos heures d&#039;ouverture\u00a0Du lundi au vendredide 7h30 [&hellip;]\" \/>\n<meta property=\"og:url\" content=\"https:\/\/gerber-fleurs.ch\/de_ch\/kontakt-2\/\" \/>\n<meta property=\"og:site_name\" content=\"Gerber Fleurs\" \/>\n<meta property=\"article:modified_time\" content=\"2022-01-24T15:50:50+00:00\" \/>\n<meta name=\"twitter:card\" content=\"summary_large_image\" \/>\n<meta name=\"twitter:label1\" content=\"Gesch\u00e4tzte Lesezeit\" \/>\n\t<meta name=\"twitter:data1\" content=\"4\u00a0Minuten\" \/>\n<script type=\"application\/ld+json\" class=\"yoast-schema-graph\">{\"@context\":\"https:\/\/schema.org\",\"@graph\":[{\"@type\":\"WebPage\",\"@id\":\"https:\/\/gerber-fleurs.ch\/fr_fr\/kontakt-2\/\",\"url\":\"https:\/\/gerber-fleurs.ch\/fr_fr\/kontakt-2\/\",\"name\":\"Kontakt &#8212; Gerber Fleurs\",\"isPartOf\":{\"@id\":\"https:\/\/gerber-fleurs.ch\/fr_fr\/#website\"},\"datePublished\":\"2020-03-23T14:16:28+00:00\",\"dateModified\":\"2022-01-24T15:50:50+00:00\",\"breadcrumb\":{\"@id\":\"https:\/\/gerber-fleurs.ch\/fr_fr\/kontakt-2\/#breadcrumb\"},\"inLanguage\":\"de-CH\",\"potentialAction\":[{\"@type\":\"ReadAction\",\"target\":[\"https:\/\/gerber-fleurs.ch\/fr_fr\/kontakt-2\/\"]}]},{\"@type\":\"BreadcrumbList\",\"@id\":\"https:\/\/gerber-fleurs.ch\/fr_fr\/kontakt-2\/#breadcrumb\",\"itemListElement\":[{\"@type\":\"ListItem\",\"position\":1,\"name\":\"Home\",\"item\":\"https:\/\/gerber-fleurs.ch\/fr_fr\/\"},{\"@type\":\"ListItem\",\"position\":2,\"name\":\"Kontakt\"}]},{\"@type\":\"WebSite\",\"@id\":\"https:\/\/gerber-fleurs.ch\/fr_fr\/#website\",\"url\":\"https:\/\/gerber-fleurs.ch\/fr_fr\/\",\"name\":\"Gerber Fleurs\",\"description\":\"Wir lieben Blumen\",\"publisher\":{\"@id\":\"https:\/\/gerber-fleurs.ch\/fr_fr\/#organization\"},\"potentialAction\":[{\"@type\":\"SearchAction\",\"target\":{\"@type\":\"EntryPoint\",\"urlTemplate\":\"https:\/\/gerber-fleurs.ch\/fr_fr\/?s={search_term_string}\"},\"query-input\":{\"@type\":\"PropertyValueSpecification\",\"valueRequired\":true,\"valueName\":\"search_term_string\"}}],\"inLanguage\":\"de-CH\"},{\"@type\":\"Organization\",\"@id\":\"https:\/\/gerber-fleurs.ch\/fr_fr\/#organization\",\"name\":\"Gerber Fleurs SA\",\"url\":\"https:\/\/gerber-fleurs.ch\/fr_fr\/\",\"logo\":{\"@type\":\"ImageObject\",\"inLanguage\":\"de-CH\",\"@id\":\"https:\/\/gerber-fleurs.ch\/fr_fr\/#\/schema\/logo\/image\/\",\"url\":\"https:\/\/gerber-fleurs.ch\/wp-content\/uploads\/2017\/11\/GerberFleurs_logo_weiss.png\",\"contentUrl\":\"https:\/\/gerber-fleurs.ch\/wp-content\/uploads\/2017\/11\/GerberFleurs_logo_weiss.png\",\"width\":350,\"height\":350,\"caption\":\"Gerber Fleurs SA\"},\"image\":{\"@id\":\"https:\/\/gerber-fleurs.ch\/fr_fr\/#\/schema\/logo\/image\/\"}}]}<\/script>\n<!-- \/ Yoast SEO plugin. -->","yoast_head_json":{"title":"Kontakt &#8212; Gerber Fleurs","robots":{"index":"index","follow":"follow","max-snippet":"max-snippet:-1","max-image-preview":"max-image-preview:large","max-video-preview":"max-video-preview:-1"},"canonical":"https:\/\/gerber-fleurs.ch\/de_ch\/kontakt-2\/","og_locale":"de_DE","og_type":"article","og_title":"Kontakt &#8212; Gerber Fleurs","og_description":"Nous sommes une entreprise de production et nous ne vendons pas de plantes au d\u00e9tail. Nos plantes sont disponibles dans les jardineries et les magasins sp\u00e9cialis\u00e9s. En toutes saisons.Notre adresse Gerber Fleurs SAHalte de Trey 5CH-1552 TreyT\u00e9l. +41 26 662 47 80Fax +41 26 662 47 81 &nbsp; Nos heures d'ouverture\u00a0Du lundi au vendredide 7h30 [&hellip;]","og_url":"https:\/\/gerber-fleurs.ch\/de_ch\/kontakt-2\/","og_site_name":"Gerber Fleurs","article_modified_time":"2022-01-24T15:50:50+00:00","twitter_card":"summary_large_image","twitter_misc":{"Gesch\u00e4tzte Lesezeit":"4\u00a0Minuten"},"schema":{"@context":"https:\/\/schema.org","@graph":[{"@type":"WebPage","@id":"https:\/\/gerber-fleurs.ch\/fr_fr\/kontakt-2\/","url":"https:\/\/gerber-fleurs.ch\/fr_fr\/kontakt-2\/","name":"Kontakt &#8212; Gerber Fleurs","isPartOf":{"@id":"https:\/\/gerber-fleurs.ch\/fr_fr\/#website"},"datePublished":"2020-03-23T14:16:28+00:00","dateModified":"2022-01-24T15:50:50+00:00","breadcrumb":{"@id":"https:\/\/gerber-fleurs.ch\/fr_fr\/kontakt-2\/#breadcrumb"},"inLanguage":"de-CH","potentialAction":[{"@type":"ReadAction","target":["https:\/\/gerber-fleurs.ch\/fr_fr\/kontakt-2\/"]}]},{"@type":"BreadcrumbList","@id":"https:\/\/gerber-fleurs.ch\/fr_fr\/kontakt-2\/#breadcrumb","itemListElement":[{"@type":"ListItem","position":1,"name":"Home","item":"https:\/\/gerber-fleurs.ch\/fr_fr\/"},{"@type":"ListItem","position":2,"name":"Kontakt"}]},{"@type":"WebSite","@id":"https:\/\/gerber-fleurs.ch\/fr_fr\/#website","url":"https:\/\/gerber-fleurs.ch\/fr_fr\/","name":"Gerber Fleurs","description":"Wir lieben Blumen","publisher":{"@id":"https:\/\/gerber-fleurs.ch\/fr_fr\/#organization"},"potentialAction":[{"@type":"SearchAction","target":{"@type":"EntryPoint","urlTemplate":"https:\/\/gerber-fleurs.ch\/fr_fr\/?s={search_term_string}"},"query-input":{"@type":"PropertyValueSpecification","valueRequired":true,"valueName":"search_term_string"}}],"inLanguage":"de-CH"},{"@type":"Organization","@id":"https:\/\/gerber-fleurs.ch\/fr_fr\/#organization","name":"Gerber Fleurs SA","url":"https:\/\/gerber-fleurs.ch\/fr_fr\/","logo":{"@type":"ImageObject","inLanguage":"de-CH","@id":"https:\/\/gerber-fleurs.ch\/fr_fr\/#\/schema\/logo\/image\/","url":"https:\/\/gerber-fleurs.ch\/wp-content\/uploads\/2017\/11\/GerberFleurs_logo_weiss.png","contentUrl":"https:\/\/gerber-fleurs.ch\/wp-content\/uploads\/2017\/11\/GerberFleurs_logo_weiss.png","width":350,"height":350,"caption":"Gerber Fleurs SA"},"image":{"@id":"https:\/\/gerber-fleurs.ch\/fr_fr\/#\/schema\/logo\/image\/"}}]}},"_links":{"self":[{"href":"https:\/\/gerber-fleurs.ch\/de_ch\/wp-json\/wp\/v2\/pages\/51003","targetHints":{"allow":["GET"]}}],"collection":[{"href":"https:\/\/gerber-fleurs.ch\/de_ch\/wp-json\/wp\/v2\/pages"}],"about":[{"href":"https:\/\/gerber-fleurs.ch\/de_ch\/wp-json\/wp\/v2\/types\/page"}],"author":[{"embeddable":true,"href":"https:\/\/gerber-fleurs.ch\/de_ch\/wp-json\/wp\/v2\/users\/2"}],"replies":[{"embeddable":true,"href":"https:\/\/gerber-fleurs.ch\/de_ch\/wp-json\/wp\/v2\/comments?post=51003"}],"version-history":[{"count":0,"href":"https:\/\/gerber-fleurs.ch\/de_ch\/wp-json\/wp\/v2\/pages\/51003\/revisions"}],"wp:attachment":[{"href":"https:\/\/gerber-fleurs.ch\/de_ch\/wp-json\/wp\/v2\/media?parent=51003"}],"curies":[{"name":"wp","href":"https:\/\/api.w.org\/{rel}","templated":true}]}}